{"id":3994,"date":"2018-07-21T18:02:57","date_gmt":"2018-07-21T15:02:57","guid":{"rendered":"http:\/\/www.atalyadis.com\/galeri\/"},"modified":"2024-06-10T11:24:00","modified_gmt":"2024-06-10T08:24:00","slug":"our-clinics-2","status":"publish","type":"page","link":"https:\/\/atalyadis.com\/en\/our-clinics-2\/","title":{"rendered":"Our Clinics"},"content":{"rendered":"<p>[et_pb_section fb_built=&#8221;1&#8243; _builder_version=&#8221;3.22&#8243; global_colors_info=&#8221;{}&#8221;][et_pb_row _builder_version=&#8221;3.25&#8243; width=&#8221;100%&#8221; max_width=&#8221;100%&#8221; custom_padding=&#8221;|80px||80px&#8221; use_custom_width=&#8221;on&#8221; width_unit=&#8221;off&#8221; custom_width_percent=&#8221;100%&#8221; global_colors_info=&#8221;{}&#8221;][et_pb_column type=&#8221;4_4&#8243; _builder_version=&#8221;3.25&#8243; custom_padding=&#8221;|||&#8221; global_colors_info=&#8221;{}&#8221; custom_padding__hover=&#8221;|||&#8221;][et_pb_gallery gallery_ids=&#8221;10057,9932,9947,9952,9942,9957,9962,9967,9972,10022,9992,9997,10002,10007,10017,10032,10037,10062,10067,10082,10107,10112,10117,10127,10137,10132,10142,10152,10147,10167,10157,10172&#8243; posts_number=&#8221;16&#8243; show_title_and_caption=&#8221;off&#8221; zoom_icon_color=&#8221;#2ea3f2&#8243; _builder_version=&#8221;4.10.7&#8243; hover_enabled=&#8221;0&#8243; z_index_tablet=&#8221;500&#8243; box_shadow_style_image=&#8221;preset2&#8243; box_shadow_color_image=&#8221;rgba(0,0,0,0.33)&#8221; global_colors_info=&#8221;{}&#8221; sticky_enabled=&#8221;0&#8243;][\/et_pb_gallery][\/et_pb_column][\/et_pb_row][\/et_pb_section][et_pb_section fb_built=&#8221;1&#8243; disabled_on=&#8221;off|off|off&#8221; _builder_version=&#8221;3.18.6&#8243; background_color=&#8221;#f4f4f4&#8243; global_module=&#8221;4429&#8243; global_colors_info=&#8221;{}&#8221;][et_pb_row _builder_version=&#8221;3.25&#8243; background_size=&#8221;initial&#8221; background_position=&#8221;top_left&#8221; background_repeat=&#8221;repeat&#8221; global_colors_info=&#8221;{}&#8221;][et_pb_column type=&#8221;4_4&#8243; _builder_version=&#8221;3.25&#8243; custom_padding=&#8221;|||&#8221; global_colors_info=&#8221;{}&#8221; custom_padding__hover=&#8221;|||&#8221;][et_pb_divider disabled_on=&#8221;on||&#8221; _builder_version=&#8221;3.22.7&#8243; height=&#8221;2px&#8221; global_colors_info=&#8221;{}&#8221;][\/et_pb_divider][et_pb_button button_url=&#8221;\/en\/contact\/&#8221; button_text=&#8221;CONTACT US FOR FREE CONSULTATION&#8221; button_alignment=&#8221;center&#8221; disabled_on=&#8221;off|off|off&#8221; _builder_version=&#8221;4.4.4&#8243; custom_button=&#8221;on&#8221; button_text_size=&#8221;28&#8243; button_text_color=&#8221;#528e8e&#8221; button_bg_color=&#8221;#f4f4f4&#8243; button_border_width=&#8221;0&#8243; button_border_color=&#8221;#ffffff&#8221; button_border_radius=&#8221;0&#8243; button_font=&#8221;Montserrat||||||||&#8221; button_icon=&#8221;%%264%%&#8221; button_text_size_tablet=&#8221;&#8221; button_text_size_phone=&#8221;20&#8243; button_text_size_last_edited=&#8221;on|phone&#8221; z_index_tablet=&#8221;500&#8243; global_colors_info=&#8221;{}&#8221; button_text_size__hover_enabled=&#8221;off&#8221; button_text_size__hover=&#8221;null&#8221; button_one_text_size__hover_enabled=&#8221;off&#8221; button_one_text_size__hover=&#8221;null&#8221; button_two_text_size__hover_enabled=&#8221;off&#8221; button_two_text_size__hover=&#8221;null&#8221; button_text_color__hover_enabled=&#8221;on&#8221; button_text_color__hover=&#8221;#8ec8c8&#8243; button_one_text_color__hover_enabled=&#8221;off&#8221; button_one_text_color__hover=&#8221;null&#8221; button_two_text_color__hover_enabled=&#8221;off&#8221; button_two_text_color__hover=&#8221;null&#8221; button_border_width__hover_enabled=&#8221;off&#8221; button_border_width__hover=&#8221;null&#8221; button_one_border_width__hover_enabled=&#8221;off&#8221; button_one_border_width__hover=&#8221;null&#8221; button_two_border_width__hover_enabled=&#8221;off&#8221; button_two_border_width__hover=&#8221;null&#8221; button_border_color__hover_enabled=&#8221;off&#8221; button_border_color__hover=&#8221;null&#8221; button_one_border_color__hover_enabled=&#8221;off&#8221; button_one_border_color__hover=&#8221;null&#8221; button_two_border_color__hover_enabled=&#8221;off&#8221; button_two_border_color__hover=&#8221;null&#8221; button_border_radius__hover_enabled=&#8221;on&#8221; button_border_radius__hover=&#8221;0&#8243; button_one_border_radius__hover_enabled=&#8221;off&#8221; button_one_border_radius__hover=&#8221;null&#8221; button_two_border_radius__hover_enabled=&#8221;off&#8221; button_two_border_radius__hover=&#8221;null&#8221; button_letter_spacing__hover_enabled=&#8221;off&#8221; button_letter_spacing__hover=&#8221;null&#8221; button_one_letter_spacing__hover_enabled=&#8221;off&#8221; button_one_letter_spacing__hover=&#8221;null&#8221; button_two_letter_spacing__hover_enabled=&#8221;off&#8221; button_two_letter_spacing__hover=&#8221;null&#8221; button_bg_color__hover_enabled=&#8221;off&#8221; button_bg_color__hover=&#8221;null&#8221; button_one_bg_color__hover_enabled=&#8221;off&#8221; button_one_bg_color__hover=&#8221;null&#8221; button_two_bg_color__hover_enabled=&#8221;off&#8221; button_two_bg_color__hover=&#8221;null&#8221;][\/et_pb_button][\/et_pb_column][\/et_pb_row][et_pb_row column_structure=&#8221;1_3,1_3,1_3&#8243; module_id=&#8221;randevu1&#8243; _builder_version=&#8221;4.4.4&#8243; max_width=&#8221;1080px&#8221; module_alignment=&#8221;center&#8221; custom_margin=&#8221;-50px|||&#8221; global_colors_info=&#8221;{}&#8221;][et_pb_column type=&#8221;1_3&#8243; _builder_version=&#8221;3.25&#8243; custom_padding=&#8221;|||&#8221; global_colors_info=&#8221;{}&#8221; custom_padding__hover=&#8221;|||&#8221;][et_pb_text _builder_version=&#8221;4.9.11&#8243; text_font=&#8221;Montserrat||||||||&#8221; text_line_height=&#8221;1em&#8221; link_font=&#8221;Montserrat||||||||&#8221; link_text_color=&#8221;#4d5154&#8243; z_index_tablet=&#8221;500&#8243; global_colors_info=&#8221;{}&#8221;]<\/p>\n<p>&nbsp;<\/p>\n<p>Ulus Mh. Mehmet Akif Cd. No: 50\/A KEPEZ\/Antalya<\/p>\n<p>GSM:\u00a0<a href=\"tel:+905455266602\" target=\"_blank\" rel=\"noopener\">+90 545 526 6602<\/a><\/p>\n<p>Whatsapp:<a href=\"https:\/\/api.whatsapp.com\/send?phone=+905455266602\" target=\"_blank\" rel=\"noopener\">+90 545 526 6602<\/a><\/p>\n<p>E-mail:<a href=\"mailto:info@atalyadis.com\">\u00a0info@atalyadis.com<\/a><\/p>\n<p>&nbsp;<\/p>\n<p>&nbsp;<\/p>\n<p>[\/et_pb_text][et_pb_code disabled_on=&#8221;on|on|on&#8221; module_id=&#8221;tel&#8221; _builder_version=&#8221;3.18.6&#8243; text_orientation=&#8221;center&#8221; z_index_tablet=&#8221;500&#8243; custom_css_main_element=&#8221;margin:auto;&#8221; disabled=&#8221;on&#8221; global_colors_info=&#8221;{}&#8221;]<a href=\"Tel:+90 537 357 2990\" class=\"tel\"> +90 537 357 29 90<\/a><!-- [et_pb_line_break_holder] -->[\/et_pb_code][et_pb_button button_url=&#8221;\/en\/contact\/&#8221; button_text=&#8221;WHATSAPP&#8221; button_alignment=&#8221;center&#8221; disabled_on=&#8221;on|on|on&#8221; _builder_version=&#8221;3.18.6&#8243; custom_button=&#8221;on&#8221; button_text_size=&#8221;28&#8243; button_text_color=&#8221;#528e8e&#8221; button_bg_color=&#8221;#f4f4f4&#8243; button_border_width=&#8221;0&#8243; button_border_color=&#8221;#ffffff&#8221; button_border_radius=&#8221;0&#8243; button_font=&#8221;Montserrat||||||||&#8221; button_use_icon=&#8221;off&#8221; button_text_size_tablet=&#8221;&#8221; button_text_size_phone=&#8221;20&#8243; button_text_size_last_edited=&#8221;on|phone&#8221; z_index_tablet=&#8221;500&#8243; disabled=&#8221;on&#8221; global_colors_info=&#8221;{}&#8221; button_text_size__hover_enabled=&#8221;off&#8221; button_text_size__hover=&#8221;null&#8221; button_one_text_size__hover_enabled=&#8221;off&#8221; button_one_text_size__hover=&#8221;null&#8221; button_two_text_size__hover_enabled=&#8221;off&#8221; button_two_text_size__hover=&#8221;null&#8221; button_text_color__hover_enabled=&#8221;on&#8221; button_text_color__hover=&#8221;#8ec8c8&#8243; button_one_text_color__hover_enabled=&#8221;off&#8221; button_one_text_color__hover=&#8221;null&#8221; button_two_text_color__hover_enabled=&#8221;off&#8221; button_two_text_color__hover=&#8221;null&#8221; button_border_width__hover_enabled=&#8221;off&#8221; button_border_width__hover=&#8221;null&#8221; button_one_border_width__hover_enabled=&#8221;off&#8221; button_one_border_width__hover=&#8221;null&#8221; button_two_border_width__hover_enabled=&#8221;off&#8221; button_two_border_width__hover=&#8221;null&#8221; button_border_color__hover_enabled=&#8221;off&#8221; button_border_color__hover=&#8221;null&#8221; button_one_border_color__hover_enabled=&#8221;off&#8221; button_one_border_color__hover=&#8221;null&#8221; button_two_border_color__hover_enabled=&#8221;off&#8221; button_two_border_color__hover=&#8221;null&#8221; button_border_radius__hover_enabled=&#8221;on&#8221; button_border_radius__hover=&#8221;0&#8243; button_one_border_radius__hover_enabled=&#8221;off&#8221; button_one_border_radius__hover=&#8221;null&#8221; button_two_border_radius__hover_enabled=&#8221;off&#8221; button_two_border_radius__hover=&#8221;null&#8221; button_letter_spacing__hover_enabled=&#8221;off&#8221; button_letter_spacing__hover=&#8221;null&#8221; button_one_letter_spacing__hover_enabled=&#8221;off&#8221; button_one_letter_spacing__hover=&#8221;null&#8221; button_two_letter_spacing__hover_enabled=&#8221;off&#8221; button_two_letter_spacing__hover=&#8221;null&#8221; button_bg_color__hover_enabled=&#8221;off&#8221; button_bg_color__hover=&#8221;null&#8221; button_one_bg_color__hover_enabled=&#8221;off&#8221; button_one_bg_color__hover=&#8221;null&#8221; button_two_bg_color__hover_enabled=&#8221;off&#8221; button_two_bg_color__hover=&#8221;null&#8221;][\/et_pb_button][et_pb_code disabled_on=&#8221;on|on|on&#8221; module_id=&#8221;tel&#8221; _builder_version=&#8221;3.18.6&#8243; text_orientation=&#8221;center&#8221; z_index_tablet=&#8221;500&#8243; custom_css_main_element=&#8221;margin:auto;&#8221; disabled=&#8221;on&#8221; global_colors_info=&#8221;{}&#8221;]<a href=\"Tel:+90 532 652 84 46\" class=\"tel\"> +90 532 652 84 46<\/a><!-- [et_pb_line_break_holder] -->[\/et_pb_code][et_pb_code _builder_version=&#8221;3.18.6&#8243; text_orientation=&#8221;right&#8221; custom_margin=&#8221;-50px|||-10px&#8221; global_colors_info=&#8221;{}&#8221;]<\/p>\n<div class=\"social_icons\"><!-- [et_pb_line_break_holder] --><a href=\"https:\/\/www.facebook.com\/Atalyadis\/\" target=\"_blank\" rel=\"noopener noreferrer\"><i class=\"fa fa-facebook\"><\/i><\/a><!-- [et_pb_line_break_holder] --><a href=\"https:\/\/www.instagram.com\/atalyadis\/\" target=\"_blank\" rel=\"noopener noreferrer\"><i class=\"fa fa-instagram\"><\/i><\/a><!-- [et_pb_line_break_holder] --><a href=\"https:\/\/www.linkedin.com\/company\/atalyadis\/\" target=\"_blank\" rel=\"noopener noreferrer\"><i class=\"fa fa-linkedin\"><\/i><\/a><!-- [et_pb_line_break_holder] --><a href=\"https:\/\/tr.pinterest.com\/atalyadis\/\" target=\"_blank\" rel=\"noopener noreferrer\"><i class=\"fa fa-pinterest-p\"><\/i><\/a><!-- [et_pb_line_break_holder] --><a href=\"https:\/\/www.youtube.com\/channel\/UC9xgEvDoYbpESrP3BKa_3YA\" target=\"_blank\" rel=\"noopener noreferrer\"><i class=\"fa fa-youtube\"><\/i><\/a><!-- [et_pb_line_break_holder] --><\/div>\n<p>[\/et_pb_code][et_pb_text disabled_on=&#8221;on|on|on&#8221; _builder_version=&#8221;3.27.4&#8243; text_font=&#8221;Montserrat||||||||&#8221; text_line_height=&#8221;1.6em&#8221; link_font=&#8221;Montserrat||||||||&#8221; link_text_color=&#8221;#4d5154&#8243; disabled=&#8221;on&#8221; global_colors_info=&#8221;{}&#8221;]<\/p>\n<div class=\"ortala\"><strong>Rixos Downtown Branch<\/strong>Meltem Mh. Sak\u0131p Sabanc\u0131 Bulvar\u0131No: 3\/1 Muratpa\u015fa \/ AntalyaPhone: <a class=\"tell\" href=\"tel: +90 242 334 0107\"> +90 242 334 0107<\/a>GSM: <a class=\"tell\" href=\"tel: +90 532 652 84 46\">+90 532 652 84 46<\/a>E-mail:&nbsp;rixos@atalyadis.com<\/div>\n<p>[\/et_pb_text][\/et_pb_column][et_pb_column type=&#8221;1_3&#8243; _builder_version=&#8221;4.4.4&#8243; global_colors_info=&#8221;{}&#8221;][et_pb_text _builder_version=&#8221;4.4.4&#8243; text_font=&#8221;Satisfy||||||||&#8221; text_text_color=&#8221;#528e8e&#8221; text_font_size=&#8221;28&#8243; text_line_height=&#8221;2em&#8221; link_font=&#8221;Montserrat||||||||&#8221; link_text_color=&#8221;#4d5154&#8243; custom_margin=&#8221;20px|||100px|false|false&#8221; text_font_size_tablet=&#8221;&#8221; text_font_size_phone=&#8221;&#8221; text_font_size_last_edited=&#8221;on|desktop&#8221; z_index_tablet=&#8221;500&#8243; text_text_shadow_style=&#8221;preset1&#8243; text_text_shadow_color=&#8221;rgba(137,137,137,0.4)&#8221; global_colors_info=&#8221;{}&#8221;]<\/p>\n<p style=\"text-align: center;\">&#8220;To Make You Always Smile&#8221;<\/p>\n<p>[\/et_pb_text][\/et_pb_column][et_pb_column type=&#8221;1_3&#8243; _builder_version=&#8221;4.4.4&#8243; global_colors_info=&#8221;{}&#8221;][et_pb_social_media_follow _builder_version=&#8221;4.4.4&#8243; global_colors_info=&#8221;{}&#8221;][et_pb_social_media_follow_network url=&#8221;https:\/\/www.facebook.com\/Atalyadis\/&#8221; use_icon_font_size=&#8221;on&#8221; icon_font_size=&#8221;32px&#8221; _builder_version=&#8221;4.4.4&#8243; background_image=&#8221;https:\/\/atalyadis.com\/wp-content\/uploads\/2020\/07\/Facebook.jpg&#8221; background_enable_image=&#8221;on&#8221; background_size=&#8221;contain&#8221; background_position=&#8221;top_center&#8221; custom_margin=&#8221;0px|0px||150px|false|false&#8221; custom_padding=&#8221;0px|0px|0px|0px|false|false&#8221; border_radii=&#8221;on|16px|16px|16px|16px&#8221; global_colors_info=&#8221;{}&#8221; follow_button=&#8221;off&#8221; url_new_window=&#8221;on&#8221;][\/et_pb_social_media_follow_network][\/et_pb_social_media_follow][et_pb_social_media_follow _builder_version=&#8221;4.4.4&#8243; global_colors_info=&#8221;{}&#8221;][et_pb_social_media_follow_network url=&#8221;https:\/\/instagram.com\/atalyadis?igshid=1j201axivs0w3&#8243; use_icon_font_size=&#8221;on&#8221; icon_font_size=&#8221;32px&#8221; _builder_version=&#8221;4.4.4&#8243; background_enable_color=&#8221;off&#8221; background_image=&#8221;https:\/\/atalyadis.com\/wp-content\/uploads\/2020\/07\/I\u0307nstagram.png&#8221; background_enable_image=&#8221;on&#8221; background_size=&#8221;contain&#8221; background_position=&#8221;top_center&#8221; custom_margin=&#8221;-20px|||150px|false|false&#8221; border_radii=&#8221;on|16px|16px|16px|16px&#8221; global_colors_info=&#8221;{}&#8221; follow_button=&#8221;off&#8221; url_new_window=&#8221;on&#8221;][\/et_pb_social_media_follow_network][\/et_pb_social_media_follow][et_pb_social_media_follow _builder_version=&#8221;4.4.4&#8243; global_colors_info=&#8221;{}&#8221;][et_pb_social_media_follow_network url=&#8221;https:\/\/api.whatsapp.com\/send?phone=447367895967&#038;text=&#038;source=&#038;data=&#038;app_absent=&#8221; use_icon_font_size=&#8221;on&#8221; icon_font_size=&#8221;32px&#8221; _builder_version=&#8221;4.4.4&#8243; background_enable_color=&#8221;on&#8221; background_image=&#8221;https:\/\/atalyadis.com\/wp-content\/uploads\/2020\/07\/WhatsApp.png&#8221; background_enable_image=&#8221;on&#8221; background_size=&#8221;contain&#8221; background_position=&#8221;top_center&#8221; background_blend=&#8221;multiply&#8221; custom_margin=&#8221;-20px||0px|150px|false|false&#8221; custom_padding=&#8221;0px||0px|0px|false|false&#8221; border_radii=&#8221;on|16px|16px|16px|16px&#8221; global_colors_info=&#8221;{}&#8221; follow_button=&#8221;off&#8221; url_new_window=&#8221;on&#8221;][\/et_pb_social_media_follow_network][\/et_pb_social_media_follow][\/et_pb_column][\/et_pb_row][et_pb_row _builder_version=&#8221;3.25&#8243; background_size=&#8221;initial&#8221; background_position=&#8221;top_left&#8221; background_repeat=&#8221;repeat&#8221; global_colors_info=&#8221;{}&#8221;][et_pb_column type=&#8221;4_4&#8243; _builder_version=&#8221;3.25&#8243; custom_padding=&#8221;|||&#8221; global_colors_info=&#8221;{}&#8221; custom_padding__hover=&#8221;|||&#8221;][et_pb_divider disabled_on=&#8221;on||&#8221; _builder_version=&#8221;3.11&#8243; height=&#8221;2px&#8221; custom_margin=&#8221;-10px|||&#8221; global_colors_info=&#8221;{}&#8221;][\/et_pb_divider][et_pb_text disabled_on=&#8221;on||&#8221; _builder_version=&#8221;3.27.4&#8243; text_font=&#8221;Montserrat||||||||&#8221; text_text_color=&#8221;#528e8e&#8221; link_font=&#8221;Montserrat||||||||&#8221; link_text_color=&#8221;#528e8e&#8221; header_font=&#8221;Montserrat||||||||&#8221; global_colors_info=&#8221;{}&#8221;]<\/p>\n<p style=\"text-align: center;\"><a href=\"\/en\/\">Home<\/a>\u00a0 \u00a0|\u00a0 \u00a0<a href=\"\/en\/about-us\/\">About Us<\/a>\u00a0 \u00a0|\u00a0 <a href=\"\/en\/treatments\/\">\u00a0Treatments\u00a0<\/a> \u00a0|\u00a0\u00a0\u00a0<a href=\"\/en\/blog\/\">Blog<\/a>\u00a0 \u00a0|\u00a0 \u00a0<a href=\"\/en\/gallery\/\">Gallery<\/a>\u00a0 \u00a0|\u00a0 \u00a0<a href=\"\/en\/contact\/\">Contact<\/a><\/p>\n<p>[\/et_pb_text][\/et_pb_column][\/et_pb_row][\/et_pb_section]<\/p>\n","protected":false},"excerpt":{"rendered":"<p>&nbsp; Ulus Mh. Mehmet Akif Cd. No: 50\/A KEPEZ\/Antalya GSM:\u00a0+90 545 526 6602 Whatsapp:+90 545 526 6602 E-mail:\u00a0info@atalyadis.com &nbsp; &nbsp;Rixos Downtown BranchMeltem Mh. Sak\u0131p Sabanc\u0131 Bulvar\u0131No: 3\/1 Muratpa\u015fa \/ AntalyaPhone: +90 242 334 0107GSM: +90 532 652 84 46E-mail:&nbsp;rixos@atalyadis.com&#8221;To Make You Always Smile&#8221;Home\u00a0 \u00a0|\u00a0 \u00a0About Us\u00a0 \u00a0|\u00a0 \u00a0Treatments\u00a0 \u00a0|\u00a0\u00a0\u00a0Blog\u00a0 \u00a0|\u00a0 \u00a0Gallery\u00a0 \u00a0|\u00a0 \u00a0Contact<\/p>\n","protected":false},"author":3,"featured_media":0,"parent":0,"menu_order":0,"comment_status":"closed","ping_status":"closed","template":"","meta":{"_et_pb_use_builder":"on","_et_pb_old_content":"","_et_gb_content_width":"","footnotes":""},"class_list":["post-3994","page","type-page","status-publish","hentry"],"yoast_head":"<!-- This site is optimized with the Yoast SEO plugin v27.3 - https:\/\/yoast.com\/product\/yoast-seo-wordpress\/ -->\n<title>Our Clinics - Atalya Oral and Dental Health Polyclinic<\/title>\n<meta name=\"description\" content=\"In this page you can view our clinics and physicians. Atalya Dental Polyclinic offers full range of dental services to international patients.\" \/>\n<meta name=\"robots\" content=\"index, follow, max-snippet:-1, max-image-preview:large, max-video-preview:-1\" \/>\n<link rel=\"canonical\" href=\"https:\/\/atalyadis.com\/en\/our-clinics-2\/\" \/>\n<meta property=\"og:locale\" content=\"en_US\" \/>\n<meta property=\"og:type\" content=\"article\" \/>\n<meta property=\"og:title\" content=\"Our Clinics - Atalya Oral and Dental Health Polyclinic\" \/>\n<meta property=\"og:description\" content=\"In this page you can view our clinics and physicians. Atalya Dental Polyclinic offers full range of dental services to international patients.\" \/>\n<meta property=\"og:url\" content=\"https:\/\/atalyadis.com\/en\/our-clinics-2\/\" \/>\n<meta property=\"og:site_name\" content=\"Atalya A\u011f\u0131z ve Di\u015f Sa\u011fl\u0131\u011f\u0131 Poliklini\u011fi\" \/>\n<meta property=\"article:modified_time\" content=\"2024-06-10T08:24:00+00:00\" \/>\n<meta name=\"twitter:card\" content=\"summary_large_image\" \/>\n<meta name=\"twitter:label1\" content=\"Est. reading time\" \/>\n\t<meta name=\"twitter:data1\" content=\"2 minutes\" \/>\n<script type=\"application\/ld+json\" class=\"yoast-schema-graph\">{\"@context\":\"https:\\\/\\\/schema.org\",\"@graph\":[{\"@type\":\"WebPage\",\"@id\":\"https:\\\/\\\/atalyadis.com\\\/en\\\/our-clinics-2\\\/\",\"url\":\"https:\\\/\\\/atalyadis.com\\\/en\\\/our-clinics-2\\\/\",\"name\":\"Our Clinics - Atalya Oral and Dental Health Polyclinic\",\"isPartOf\":{\"@id\":\"https:\\\/\\\/atalyadis.com\\\/#website\"},\"datePublished\":\"2018-07-21T15:02:57+00:00\",\"dateModified\":\"2024-06-10T08:24:00+00:00\",\"description\":\"In this page you can view our clinics and physicians. Atalya Dental Polyclinic offers full range of dental services to international patients.\",\"breadcrumb\":{\"@id\":\"https:\\\/\\\/atalyadis.com\\\/en\\\/our-clinics-2\\\/#breadcrumb\"},\"inLanguage\":\"en-US\",\"potentialAction\":[{\"@type\":\"ReadAction\",\"target\":[\"https:\\\/\\\/atalyadis.com\\\/en\\\/our-clinics-2\\\/\"]}]},{\"@type\":\"BreadcrumbList\",\"@id\":\"https:\\\/\\\/atalyadis.com\\\/en\\\/our-clinics-2\\\/#breadcrumb\",\"itemListElement\":[{\"@type\":\"ListItem\",\"position\":1,\"name\":\"Ana sayfa\",\"item\":\"https:\\\/\\\/atalyadis.com\\\/en\\\/\"},{\"@type\":\"ListItem\",\"position\":2,\"name\":\"Our Clinics\"}]},{\"@type\":\"WebSite\",\"@id\":\"https:\\\/\\\/atalyadis.com\\\/#website\",\"url\":\"https:\\\/\\\/atalyadis.com\\\/\",\"name\":\"Atalya A\u011f\u0131z ve Di\u015f Sa\u011fl\u0131\u011f\u0131 Poliklini\u011fi\",\"description\":\"\",\"publisher\":{\"@id\":\"https:\\\/\\\/atalyadis.com\\\/#organization\"},\"potentialAction\":[{\"@type\":\"SearchAction\",\"target\":{\"@type\":\"EntryPoint\",\"urlTemplate\":\"https:\\\/\\\/atalyadis.com\\\/?s={search_term_string}\"},\"query-input\":{\"@type\":\"PropertyValueSpecification\",\"valueRequired\":true,\"valueName\":\"search_term_string\"}}],\"inLanguage\":\"en-US\"},{\"@type\":\"Organization\",\"@id\":\"https:\\\/\\\/atalyadis.com\\\/#organization\",\"name\":\"Atalyadis\",\"url\":\"https:\\\/\\\/atalyadis.com\\\/\",\"logo\":{\"@type\":\"ImageObject\",\"inLanguage\":\"en-US\",\"@id\":\"https:\\\/\\\/atalyadis.com\\\/#\\\/schema\\\/logo\\\/image\\\/\",\"url\":\"\",\"contentUrl\":\"\",\"caption\":\"Atalyadis\"},\"image\":{\"@id\":\"https:\\\/\\\/atalyadis.com\\\/#\\\/schema\\\/logo\\\/image\\\/\"}}]}<\/script>\n<!-- \/ Yoast SEO plugin. -->","yoast_head_json":{"title":"Our Clinics - Atalya Oral and Dental Health Polyclinic","description":"In this page you can view our clinics and physicians. Atalya Dental Polyclinic offers full range of dental services to international patients.","robots":{"index":"index","follow":"follow","max-snippet":"max-snippet:-1","max-image-preview":"max-image-preview:large","max-video-preview":"max-video-preview:-1"},"canonical":"https:\/\/atalyadis.com\/en\/our-clinics-2\/","og_locale":"en_US","og_type":"article","og_title":"Our Clinics - Atalya Oral and Dental Health Polyclinic","og_description":"In this page you can view our clinics and physicians. Atalya Dental Polyclinic offers full range of dental services to international patients.","og_url":"https:\/\/atalyadis.com\/en\/our-clinics-2\/","og_site_name":"Atalya A\u011f\u0131z ve Di\u015f Sa\u011fl\u0131\u011f\u0131 Poliklini\u011fi","article_modified_time":"2024-06-10T08:24:00+00:00","twitter_card":"summary_large_image","twitter_misc":{"Est. reading time":"2 minutes"},"schema":{"@context":"https:\/\/schema.org","@graph":[{"@type":"WebPage","@id":"https:\/\/atalyadis.com\/en\/our-clinics-2\/","url":"https:\/\/atalyadis.com\/en\/our-clinics-2\/","name":"Our Clinics - Atalya Oral and Dental Health Polyclinic","isPartOf":{"@id":"https:\/\/atalyadis.com\/#website"},"datePublished":"2018-07-21T15:02:57+00:00","dateModified":"2024-06-10T08:24:00+00:00","description":"In this page you can view our clinics and physicians. Atalya Dental Polyclinic offers full range of dental services to international patients.","breadcrumb":{"@id":"https:\/\/atalyadis.com\/en\/our-clinics-2\/#breadcrumb"},"inLanguage":"en-US","potentialAction":[{"@type":"ReadAction","target":["https:\/\/atalyadis.com\/en\/our-clinics-2\/"]}]},{"@type":"BreadcrumbList","@id":"https:\/\/atalyadis.com\/en\/our-clinics-2\/#breadcrumb","itemListElement":[{"@type":"ListItem","position":1,"name":"Ana sayfa","item":"https:\/\/atalyadis.com\/en\/"},{"@type":"ListItem","position":2,"name":"Our Clinics"}]},{"@type":"WebSite","@id":"https:\/\/atalyadis.com\/#website","url":"https:\/\/atalyadis.com\/","name":"Atalya A\u011f\u0131z ve Di\u015f Sa\u011fl\u0131\u011f\u0131 Poliklini\u011fi","description":"","publisher":{"@id":"https:\/\/atalyadis.com\/#organization"},"potentialAction":[{"@type":"SearchAction","target":{"@type":"EntryPoint","urlTemplate":"https:\/\/atalyadis.com\/?s={search_term_string}"},"query-input":{"@type":"PropertyValueSpecification","valueRequired":true,"valueName":"search_term_string"}}],"inLanguage":"en-US"},{"@type":"Organization","@id":"https:\/\/atalyadis.com\/#organization","name":"Atalyadis","url":"https:\/\/atalyadis.com\/","logo":{"@type":"ImageObject","inLanguage":"en-US","@id":"https:\/\/atalyadis.com\/#\/schema\/logo\/image\/","url":"","contentUrl":"","caption":"Atalyadis"},"image":{"@id":"https:\/\/atalyadis.com\/#\/schema\/logo\/image\/"}}]}},"_links":{"self":[{"href":"https:\/\/atalyadis.com\/en\/wp-json\/wp\/v2\/pages\/3994","targetHints":{"allow":["GET"]}}],"collection":[{"href":"https:\/\/atalyadis.com\/en\/wp-json\/wp\/v2\/pages"}],"about":[{"href":"https:\/\/atalyadis.com\/en\/wp-json\/wp\/v2\/types\/page"}],"author":[{"embeddable":true,"href":"https:\/\/atalyadis.com\/en\/wp-json\/wp\/v2\/users\/3"}],"replies":[{"embeddable":true,"href":"https:\/\/atalyadis.com\/en\/wp-json\/wp\/v2\/comments?post=3994"}],"version-history":[{"count":1,"href":"https:\/\/atalyadis.com\/en\/wp-json\/wp\/v2\/pages\/3994\/revisions"}],"predecessor-version":[{"id":17525,"href":"https:\/\/atalyadis.com\/en\/wp-json\/wp\/v2\/pages\/3994\/revisions\/17525"}],"wp:attachment":[{"href":"https:\/\/atalyadis.com\/en\/wp-json\/wp\/v2\/media?parent=3994"}],"curies":[{"name":"wp","href":"https:\/\/api.w.org\/{rel}","templated":true}]}}