{"id":5904,"date":"2018-12-14T14:22:15","date_gmt":"2018-12-14T11:22:15","guid":{"rendered":"http:\/\/www.atalyadis.com\/doktorlarimiz\/"},"modified":"2019-04-22T11:09:26","modified_gmt":"2019-04-22T08:09:26","slug":"our-doctors","status":"publish","type":"page","link":"https:\/\/atalyadis.com\/en\/our-doctors\/","title":{"rendered":"Our Doctors"},"content":{"rendered":"<p>[et_pb_section bb_built=&#8221;1&#8243; fullwidth=&#8221;on&#8221; specialty=&#8221;off&#8221; next_background_color=&#8221;#000000&#8243;][et_pb_fullwidth_slider _builder_version=&#8221;3.18.6&#8243;][et_pb_slide _builder_version=&#8221;3.18.6&#8243; heading=&#8221;Our Doctors&#8221; button_link=&#8221;#&#8221; url_new_window=&#8221;off&#8221; link_option_url_new_window=&#8221;off&#8221; background_color=&#8221;#7ebec5&#8243; use_background_color_gradient=&#8221;off&#8221; background_color_gradient_start=&#8221;#2b87da&#8221; background_color_gradient_end=&#8221;#29c4a9&#8243; background_color_gradient_type=&#8221;linear&#8221; background_color_gradient_direction=&#8221;180deg&#8221; background_color_gradient_direction_radial=&#8221;center&#8221; background_color_gradient_start_position=&#8221;0%&#8221; background_color_gradient_end_position=&#8221;100%&#8221; background_color_gradient_overlays_image=&#8221;off&#8221; background_image=&#8221;http:\/\/www.atalyadis.com\/wp-content\/uploads\/2018\/12\/dental-image-2.jpg&#8221; parallax=&#8221;off&#8221; parallax_method=&#8221;on&#8221; background_size=&#8221;cover&#8221; background_position=&#8221;center&#8221; background_repeat=&#8221;no-repeat&#8221; background_blend=&#8221;normal&#8221; allow_player_pause=&#8221;off&#8221; background_video_pause_outside_viewport=&#8221;on&#8221; use_bg_overlay=&#8221;on&#8221; bg_overlay_color=&#8221;rgba(22,22,22,0.6)&#8221; use_text_overlay=&#8221;off&#8221; text_border_radius=&#8221;3&#8243; alignment=&#8221;center&#8221; child_filter_hue_rotate=&#8221;0deg&#8221; child_filter_saturate=&#8221;100%&#8221; child_filter_brightness=&#8221;100%&#8221; child_filter_contrast=&#8221;100%&#8221; child_filter_invert=&#8221;0%&#8221; child_filter_sepia=&#8221;0%&#8221; child_filter_opacity=&#8221;100%&#8221; child_filter_blur=&#8221;0px&#8221; child_mix_blend_mode=&#8221;normal&#8221; background_layout=&#8221;dark&#8221; text_shadow_style=&#8221;none&#8221; header_text_shadow_style=&#8221;none&#8221; body_text_shadow_style=&#8221;none&#8221; custom_button=&#8221;off&#8221; button_bg_use_color_gradient=&#8221;off&#8221; button_bg_color_gradient_overlays_image=&#8221;off&#8221; button_use_icon=&#8221;on&#8221; button_on_hover=&#8221;on&#8221; button_text_shadow_style=&#8221;none&#8221; box_shadow_style_button=&#8221;none&#8221; hover_transition_duration=&#8221;300ms&#8221; hover_transition_delay=&#8221;0ms&#8221; hover_transition_speed_curve=&#8221;ease&#8221; text_shadow_horizontal_length=&#8221;0em&#8221; text_shadow_vertical_length=&#8221;0em&#8221; text_shadow_blur_strength=&#8221;0em&#8221; header_level=&#8221;h1&#8243; header_font=&#8221;Montserrat|600|||||||&#8221; header_font_size=&#8221;60&#8243; header_font_size_tablet=&#8221;40&#8243; header_font_size_phone=&#8221;40&#8243; header_font_size_last_edited=&#8221;on|phone&#8221; header_text_shadow_horizontal_length=&#8221;0em&#8221; header_text_shadow_vertical_length=&#8221;0em&#8221; header_text_shadow_blur_strength=&#8221;0em&#8221; body_text_shadow_horizontal_length=&#8221;0em&#8221; body_text_shadow_vertical_length=&#8221;0em&#8221; body_text_shadow_blur_strength=&#8221;0em&#8221; button_text_shadow_horizontal_length=&#8221;0em&#8221; button_text_shadow_vertical_length=&#8221;0em&#8221; button_text_shadow_blur_strength=&#8221;0em&#8221; \/][\/et_pb_fullwidth_slider][\/et_pb_section][et_pb_section bb_built=&#8221;1&#8243; fullwidth=&#8221;off&#8221; specialty=&#8221;off&#8221; prev_background_color=&#8221;#000000&#8243; next_background_color=&#8221;#f4f4f4&#8243;][et_pb_row][et_pb_column type=&#8221;4_4&#8243;][et_pb_text _builder_version=&#8221;3.18.6&#8243; text_font=&#8221;Montserrat||||||||&#8221; header_2_font=&#8221;Montserrat|500|||||||&#8221;]<\/p>\n<h2>Ebru Balc\u0131 S\u00f6zen<\/h2>\n<p>Dt.Ebru Balc\u0131 S\u00f6zen \u00a0was\u00a0 born in 1985 Konya \/Seydi\u015fehir . She \u00a0grauduated\u00a0 years of 2004\u00a0 at Seydi\u015fehir Mahmut Anadolu High school. Years of 2004\u00a0 she beginned the undergraduate education in Sel\u00e7uk Universty\u00a0 Faculty of Dentistry and in 2009 that she graduated with high\u00a0 egree. \u0130n 2015 Dt.EbruBalc\u0131 S\u00f6zen continue her\u00a0 career life in Antalya her own private Practice for 5 years. in 2015 April started\u00a0 her Career in Private\u00a0 Atalay\u00a0 Mouth and Dental\u00a0 Health Policinic . Dr.Ebru Balc\u0131, that who specifically \u00a0conducting working \u00a0in the fields of personal and esthetic dentistry, zirconium, e max, metal porcelain, lamina applications, bonding applications, office bleaching, intradental bleaching, retreatment, root and canal treatments. Dr.Ebru Balc\u0131 \u00a0is married and \u00a0she have a son. At remaining\u00a0 time of working \u00a0she\u00a0 join\u00a0 nature walks and participates as a \u00a0voluntary association activities.<\/p>\n<p>[\/et_pb_text][\/et_pb_column][\/et_pb_row][et_pb_row][et_pb_column type=&#8221;4_4&#8243;][et_pb_text _builder_version=&#8221;3.18.6&#8243; text_font=&#8221;Montserrat||||||||&#8221; header_2_font=&#8221;Montserrat|500|||||||&#8221;]<\/p>\n<h2>Ahmet Mirdas<\/h2>\n<p>Dt Ahmet Mirdas was born in 1987 Buhara\/ Uzbekistan . He completed primary, secondary andhigh school education in Azerbaijan. He is succesfully grauduated years of 2009 Dental Prosthesis Technologies and in 2015 Gaziantep Universty Faculty of Dentistry. Since years of 2015 continue his Career in Private Atalay Mouth and Dental Health Policinic<\/p>\n<p>[\/et_pb_text][\/et_pb_column][\/et_pb_row][et_pb_row][et_pb_column type=&#8221;4_4&#8243;][et_pb_text _builder_version=&#8221;3.18.6&#8243; text_font=&#8221;Montserrat||||||||&#8221; header_2_font=&#8221;Montserrat|500|||||||&#8221;]<\/p>\n<h2>Cansu Kahveci<\/h2>\n<p>Dt.Cansu Kahveci was born in Van 1992. She move since 1996 in Antalya and completed primary, secondary and high school educated in Antalya. After in 2017 She graduated Kocaeli Universty Faculty of Dentistry,the same year begin the working life in Antalya .<br \/>Since 2018 January continue her Career in Private Atalay Mouth and Dental Health Policinic . She is active member of Turkish Dental Association Dt.Cansu Kahveci has been continue her professional carrer life training of cosmetic dentistry, implantology, aesthetic restorations and various other education.<\/p>\n<p>[\/et_pb_text][\/et_pb_column][\/et_pb_row][et_pb_row][et_pb_column type=&#8221;4_4&#8243;][et_pb_text _builder_version=&#8221;3.18.6&#8243; text_font=&#8221;Montserrat||||||||&#8221; header_2_font=&#8221;Montserrat|500|||||||&#8221;]<\/p>\n<h2>Vahdet Batmaz<\/h2>\n<p> \tM.D. Dt Vahdet Batmaz was born in 1987 Adana\/Ceyhan . He grauduated at Ceyhan Halil \u00c7iftci Anatolian High School. Years of 2011 he is graduated in Ege Universty Faculty of Dentistry and until 2013 for 2 year he worked as a Dentist at \u0130stanbul G\u00fcng\u00f6ren Kolan Hospital .<br \/>\nin September 2013 he qualified Dentistry Specialty Exam(DUS) and started branch of Oral- Dental and Maxillofacial Surgery at Akdeniz Universty.March of 2018 He is succesfully completed of M.D education.<br \/>\nSince 2018 of April continue his Career in Private Atalay Mouth and Dental Health Policinic . M.D. Dt Vahdet Batmaz is married ; he has a daughter and who is member of<\/p>\n<ul>\n<li>Turkish Dentists Association(TDB)<\/li>\n<li>Mouth- Chin- Facial Surgeries Association(A\u00c7BTD)<\/li>\n<li>Turkish Oral and Maxillofacial Surgery Association (TAOMS)<\/li>\n<li>International Team for Implantology (ITI).<\/li>\n<\/ul>\n<p>[\/et_pb_text][\/et_pb_column][\/et_pb_row][\/et_pb_section][et_pb_section bb_built=&#8221;1&#8243; specialty=&#8221;off&#8221; _builder_version=&#8221;3.18.6&#8243; disabled=&#8221;off&#8221; disabled_on=&#8221;off|off|off&#8221; background_color=&#8221;#f4f4f4&#8243; prev_background_color=&#8221;#ffffff&#8221; global_module=&#8221;4429&#8243;][et_pb_row global_parent=&#8221;4429&#8243; _builder_version=&#8221;3.11.1&#8243; module_alignment=&#8221;center&#8221; custom_margin=&#8221;-50px|||&#8221; module_id=&#8221;randevu1&#8243;][et_pb_column type=&#8221;4_4&#8243;][et_pb_button global_parent=&#8221;4429&#8243; _builder_version=&#8221;3.18.6&#8243; button_text=&#8221;Call Us&#8221; button_alignment=&#8221;center&#8221; custom_button=&#8221;on&#8221; button_text_size=&#8221;28&#8243; button_text_color=&#8221;#528e8e&#8221; button_bg_color=&#8221;#f4f4f4&#8243; button_border_width=&#8221;0&#8243; button_border_radius=&#8221;0&#8243; button_border_color=&#8221;#ffffff&#8221; button_icon=&#8221;%%264%%&#8221; button_font=&#8221;Montserrat||||||||&#8221; button_url=&#8221;\/en\/contact\/&#8221; button_text_size__hover_enabled=&#8221;off&#8221; button_text_size__hover=&#8221;null&#8221; button_one_text_size__hover_enabled=&#8221;off&#8221; button_one_text_size__hover=&#8221;null&#8221; button_two_text_size__hover_enabled=&#8221;off&#8221; button_two_text_size__hover=&#8221;null&#8221; button_text_color__hover_enabled=&#8221;on&#8221; button_text_color__hover=&#8221;#8ec8c8&#8243; button_one_text_color__hover_enabled=&#8221;off&#8221; button_one_text_color__hover=&#8221;null&#8221; button_two_text_color__hover_enabled=&#8221;off&#8221; button_two_text_color__hover=&#8221;null&#8221; button_border_width__hover_enabled=&#8221;off&#8221; button_border_width__hover=&#8221;null&#8221; button_one_border_width__hover_enabled=&#8221;off&#8221; button_one_border_width__hover=&#8221;null&#8221; button_two_border_width__hover_enabled=&#8221;off&#8221; button_two_border_width__hover=&#8221;null&#8221; button_border_color__hover_enabled=&#8221;off&#8221; button_border_color__hover=&#8221;null&#8221; button_one_border_color__hover_enabled=&#8221;off&#8221; button_one_border_color__hover=&#8221;null&#8221; button_two_border_color__hover_enabled=&#8221;off&#8221; button_two_border_color__hover=&#8221;null&#8221; button_border_radius__hover_enabled=&#8221;on&#8221; button_border_radius__hover=&#8221;0&#8243; button_one_border_radius__hover_enabled=&#8221;off&#8221; button_one_border_radius__hover=&#8221;null&#8221; button_two_border_radius__hover_enabled=&#8221;off&#8221; button_two_border_radius__hover=&#8221;null&#8221; button_letter_spacing__hover_enabled=&#8221;off&#8221; button_letter_spacing__hover=&#8221;null&#8221; button_one_letter_spacing__hover_enabled=&#8221;off&#8221; button_one_letter_spacing__hover=&#8221;null&#8221; button_two_letter_spacing__hover_enabled=&#8221;off&#8221; button_two_letter_spacing__hover=&#8221;null&#8221; button_bg_color__hover_enabled=&#8221;off&#8221; button_bg_color__hover=&#8221;null&#8221; button_one_bg_color__hover_enabled=&#8221;off&#8221; button_one_bg_color__hover=&#8221;null&#8221; button_two_bg_color__hover_enabled=&#8221;off&#8221; button_two_bg_color__hover=&#8221;null&#8221; button_text_size_phone=&#8221;20&#8243; button_text_size_last_edited=&#8221;on|phone&#8221; button_use_icon=&#8221;off&#8221; \/][et_pb_code global_parent=&#8221;4429&#8243; _builder_version=&#8221;3.18.6&#8243; text_orientation=&#8221;center&#8221;]<a href=\"Tel:+90 541 326 66 41\" class=\"tel\">Kepez Branch: +90 541 326 66 41<\/a>[\/et_pb_code][et_pb_code global_parent=&#8221;4429&#8243; _builder_version=&#8221;3.18.6&#8243; custom_css_main_element=&#8221;margin:auto;&#8221; text_orientation=&#8221;center&#8221; module_id=&#8221;tel&#8221;]<a href=\"Tel:+90 532 409 38 66\" class=\"tel\">Dokuma Branch : +90 532 409 38 66<\/a><!-- [et_pb_line_break_holder] -->[\/et_pb_code][et_pb_divider global_parent=&#8221;4429&#8243; _builder_version=&#8221;3.11&#8243; height=&#8221;2px&#8221; disabled=&#8221;off&#8221; disabled_on=&#8221;on||&#8221; \/][et_pb_text global_parent=&#8221;4429&#8243; _builder_version=&#8221;3.18.6&#8243; text_text_color=&#8221;#528e8e&#8221; link_text_color=&#8221;#528e8e&#8221; disabled=&#8221;off&#8221; disabled_on=&#8221;on||&#8221; text_font=&#8221;Montserrat||||||||&#8221; link_font=&#8221;Montserrat||||||||&#8221; header_font=&#8221;Montserrat||||||||&#8221;]<\/p>\n<p style=\"text-align: center;\"><a href=\"\/en\/\">Home<\/a>\u00a0 \u00a0|\u00a0 \u00a0<a href=\"\/en\/about-us\/\">About Us<\/a>\u00a0 \u00a0|\u00a0 <a href=\"\/en\/treatments\/\">\u00a0Treatments\u00a0<\/a> \u00a0|\u00a0\u00a0\u00a0<a href=\"\/en\/blog\/\">Blog<\/a>\u00a0 \u00a0|\u00a0 \u00a0<a href=\"\/en\/gallery\/\">Gallery<\/a>\u00a0 \u00a0|\u00a0 \u00a0<a href=\"\/en\/contact\/\">Contact<\/a><\/p>\n<p>[\/et_pb_text][et_pb_divider global_parent=&#8221;4429&#8243; _builder_version=&#8221;3.11&#8243; height=&#8221;2px&#8221; custom_margin=&#8221;-10px|||&#8221; disabled=&#8221;off&#8221; disabled_on=&#8221;on||&#8221; \/][\/et_pb_column][\/et_pb_row][et_pb_row global_parent=&#8221;4429&#8243; _builder_version=&#8221;3.11&#8243;][et_pb_column type=&#8221;1_3&#8243;][et_pb_text global_parent=&#8221;4429&#8243; _builder_version=&#8221;3.18.6&#8243; text_font=&#8221;Montserrat||||||||&#8221; link_font=&#8221;Montserrat||||||||&#8221; link_text_color=&#8221;#4d5154&#8243;]<\/p>\n<p><strong>Kepez Branch:&nbsp;<\/strong>Yeni Mahalle 2452. Sokak <br \/> No:41\/1 Kepez \/ ANTALYA<br \/>(&#8216;Mobil \u0130lk\u00f6\u011fretim Okulu&#8217; Yolu \u00fczeri)<br \/>Phone: <a class=\"tell\" href=\"tel:+902423266640\">+90 242 326 66 40<\/a><br \/>GSM: <a class=\"tell\" href=\"tel:+90 541 326 66 41\">+90 541 326 66 41<\/a><br \/>E-mail: kepez@atalyadis.com<\/p>\n<p>[\/et_pb_text][\/et_pb_column][et_pb_column type=&#8221;1_3&#8243;][et_pb_text global_parent=&#8221;4429&#8243; _builder_version=&#8221;3.18.6&#8243; text_font=&#8221;Montserrat||||||||&#8221; link_font=&#8221;Montserrat||||||||&#8221; link_text_color=&#8221;#4d5154&#8243; text_line_height=&#8221;1.6em&#8221; disabled=&#8221;on&#8221; disabled_on=&#8221;on|on|on&#8221;]<\/p>\n<div class=\"ortala\"><strong>Rixos Downtown Branch<\/strong>Meltem Mh. Sak\u0131p Sabanc\u0131 Bulvar\u0131No: 3\/1 Muratpa\u015fa \/ AntalyaPhone: <a class=\"tell\" href=\"tel: +90 242 334 0107\"> +90 242 334 0107<\/a>GSM: <a class=\"tell\" href=\"tel: +90 532 652 84 46\">+90 532 652 84 46<\/a>E-mail:&nbsp;rixos@atalyadis.com<\/div>\n<p>[\/et_pb_text][\/et_pb_column][et_pb_column type=&#8221;1_3&#8243;][et_pb_text global_parent=&#8221;4429&#8243; _builder_version=&#8221;3.18.6&#8243; text_font=&#8221;Montserrat||||||||&#8221; link_font=&#8221;Montserrat||||||||&#8221; link_text_color=&#8221;#4d5154&#8243;]<\/p>\n<p><strong>Dokuma Branch:&nbsp;<\/strong>Ulus Mh. Mehmet Akif Cd. <br \/>No: 50\/A Kepez \/ Antalya<br \/>(&#8220;Ofm Hastanesi\u201d 200m ilerisi)<br \/>Phone: <a class=\"tell\" href=\"tel: +90 242 334 01 07\"> +90 242 334 01 07<\/a><br \/>GSM: <a class=\"tell\" href=\"tel: +90 532 409 38 66\"> +90 532 409 38 66<\/a><br \/>E-mail:&nbsp;dokuma@atalyadis.com<\/p>\n<p>[\/et_pb_text][et_pb_code global_parent=&#8221;4429&#8243; _builder_version=&#8221;3.16.1&#8243; text_orientation=&#8221;left&#8221; custom_margin=&#8221;-50px|||-10px&#8221;]<\/p>\n<div class=\"social_icons\"><!-- [et_pb_line_break_holder] --><a href=\"https:\/\/www.facebook.com\/Atalyadis\/\" target=\"_blank\"><i class=\"fa fa-facebook\"><\/i><\/a><!-- [et_pb_line_break_holder] --><a href=\"https:\/\/www.instagram.com\/atalyadis\/\" target=\"_blank\"><i class=\"fa fa-instagram\"><\/i><\/a><!-- [et_pb_line_break_holder] --><a href=\"https:\/\/www.linkedin.com\/company\/atalyadis\/\" target=\"_blank\"><i class=\"fa fa-linkedin\"><\/i><\/a><!-- [et_pb_line_break_holder] --><a href=\"https:\/\/tr.pinterest.com\/atalyadis\/\" target=\"_blank\"><i class=\"fa fa-pinterest-p\"><\/i><\/a><!-- [et_pb_line_break_holder] --><a href=\"https:\/\/plus.google.com\/+atalyaag%C4%B1zvedissagligipoliklinigi\" target=\"_blank\"><i class=\"fa fa-google-plus\"><\/i><\/a><!-- [et_pb_line_break_holder] --><a href=\"https:\/\/www.youtube.com\/channel\/UC9xgEvDoYbpESrP3BKa_3YA\" target=\"_blank\"><i class=\"fa fa-youtube\"><\/i><\/a><!-- [et_pb_line_break_holder] --><\/div>\n<p>[\/et_pb_code][\/et_pb_column][\/et_pb_row][\/et_pb_section]<\/p>\n","protected":false},"excerpt":{"rendered":"<p><div class=\"et_pb_row et_pb_row_0 et_pb_row_empty\">\n\t\t\t\t\n\t\t\t\t\n\t\t\t\t\n\t\t\t<\/div> Ebru Balc\u0131 S\u00f6zenDt.Ebru Balc\u0131 S\u00f6zen \u00a0was\u00a0 born in 1985 Konya \/Seydi\u015fehir . She \u00a0grauduated\u00a0 years of 2004\u00a0 at Seydi\u015fehir Mahmut Anadolu High school. Years of 2004\u00a0 she beginned the undergraduate education in Sel\u00e7uk Universty\u00a0 Faculty of Dentistry and in 2009 that she graduated with high\u00a0 egree. \u0130n 2015 Dt.EbruBalc\u0131 S\u00f6zen continue her\u00a0 career life [&hellip;]<\/p>\n","protected":false},"author":3,"featured_media":0,"parent":0,"menu_order":0,"comment_status":"closed","ping_status":"closed","template":"","meta":{"_et_pb_use_builder":"on","_et_pb_old_content":"","_et_gb_content_width":"","footnotes":""},"class_list":["post-5904","page","type-page","status-publish","hentry"],"yoast_head":"<!-- This site is optimized with the Yoast SEO plugin v27.3 - https:\/\/yoast.com\/product\/yoast-seo-wordpress\/ -->\n<title>Our Doctors - Atalya A\u011f\u0131z ve Di\u015f Sa\u011fl\u0131\u011f\u0131 Poliklini\u011fi<\/title>\n<meta name=\"robots\" content=\"index, follow, max-snippet:-1, max-image-preview:large, max-video-preview:-1\" \/>\n<link rel=\"canonical\" href=\"https:\/\/atalyadis.com\/en\/our-doctors\/\" \/>\n<meta property=\"og:locale\" content=\"en_US\" \/>\n<meta property=\"og:type\" content=\"article\" \/>\n<meta property=\"og:title\" content=\"Our Doctors - Atalya A\u011f\u0131z ve Di\u015f Sa\u011fl\u0131\u011f\u0131 Poliklini\u011fi\" \/>\n<meta property=\"og:description\" content=\"Ebru Balc\u0131 S\u00f6zenDt.Ebru Balc\u0131 S\u00f6zen \u00a0was\u00a0 born in 1985 Konya \/Seydi\u015fehir . She \u00a0grauduated\u00a0 years of 2004\u00a0 at Seydi\u015fehir Mahmut Anadolu High school. Years of 2004\u00a0 she beginned the undergraduate education in Sel\u00e7uk Universty\u00a0 Faculty of Dentistry and in 2009 that she graduated with high\u00a0 egree. \u0130n 2015 Dt.EbruBalc\u0131 S\u00f6zen continue her\u00a0 career life [&hellip;]\" \/>\n<meta property=\"og:url\" content=\"https:\/\/atalyadis.com\/en\/our-doctors\/\" \/>\n<meta property=\"og:site_name\" content=\"Atalya A\u011f\u0131z ve Di\u015f Sa\u011fl\u0131\u011f\u0131 Poliklini\u011fi\" \/>\n<meta property=\"article:modified_time\" content=\"2019-04-22T08:09:26+00:00\" \/>\n<meta name=\"twitter:card\" content=\"summary_large_image\" \/>\n<meta name=\"twitter:label1\" content=\"Est. reading time\" \/>\n\t<meta name=\"twitter:data1\" content=\"8 minutes\" \/>\n<script type=\"application\/ld+json\" class=\"yoast-schema-graph\">{\"@context\":\"https:\\\/\\\/schema.org\",\"@graph\":[{\"@type\":\"WebPage\",\"@id\":\"https:\\\/\\\/atalyadis.com\\\/en\\\/our-doctors\\\/\",\"url\":\"https:\\\/\\\/atalyadis.com\\\/en\\\/our-doctors\\\/\",\"name\":\"Our Doctors - Atalya A\u011f\u0131z ve Di\u015f Sa\u011fl\u0131\u011f\u0131 Poliklini\u011fi\",\"isPartOf\":{\"@id\":\"https:\\\/\\\/atalyadis.com\\\/#website\"},\"datePublished\":\"2018-12-14T11:22:15+00:00\",\"dateModified\":\"2019-04-22T08:09:26+00:00\",\"breadcrumb\":{\"@id\":\"https:\\\/\\\/atalyadis.com\\\/en\\\/our-doctors\\\/#breadcrumb\"},\"inLanguage\":\"en-US\",\"potentialAction\":[{\"@type\":\"ReadAction\",\"target\":[\"https:\\\/\\\/atalyadis.com\\\/en\\\/our-doctors\\\/\"]}]},{\"@type\":\"BreadcrumbList\",\"@id\":\"https:\\\/\\\/atalyadis.com\\\/en\\\/our-doctors\\\/#breadcrumb\",\"itemListElement\":[{\"@type\":\"ListItem\",\"position\":1,\"name\":\"Ana sayfa\",\"item\":\"https:\\\/\\\/atalyadis.com\\\/en\\\/\"},{\"@type\":\"ListItem\",\"position\":2,\"name\":\"Our Doctors\"}]},{\"@type\":\"WebSite\",\"@id\":\"https:\\\/\\\/atalyadis.com\\\/#website\",\"url\":\"https:\\\/\\\/atalyadis.com\\\/\",\"name\":\"Atalya A\u011f\u0131z ve Di\u015f Sa\u011fl\u0131\u011f\u0131 Poliklini\u011fi\",\"description\":\"\",\"publisher\":{\"@id\":\"https:\\\/\\\/atalyadis.com\\\/#organization\"},\"potentialAction\":[{\"@type\":\"SearchAction\",\"target\":{\"@type\":\"EntryPoint\",\"urlTemplate\":\"https:\\\/\\\/atalyadis.com\\\/?s={search_term_string}\"},\"query-input\":{\"@type\":\"PropertyValueSpecification\",\"valueRequired\":true,\"valueName\":\"search_term_string\"}}],\"inLanguage\":\"en-US\"},{\"@type\":\"Organization\",\"@id\":\"https:\\\/\\\/atalyadis.com\\\/#organization\",\"name\":\"Atalyadis\",\"url\":\"https:\\\/\\\/atalyadis.com\\\/\",\"logo\":{\"@type\":\"ImageObject\",\"inLanguage\":\"en-US\",\"@id\":\"https:\\\/\\\/atalyadis.com\\\/#\\\/schema\\\/logo\\\/image\\\/\",\"url\":\"\",\"contentUrl\":\"\",\"caption\":\"Atalyadis\"},\"image\":{\"@id\":\"https:\\\/\\\/atalyadis.com\\\/#\\\/schema\\\/logo\\\/image\\\/\"}}]}<\/script>\n<!-- \/ Yoast SEO plugin. -->","yoast_head_json":{"title":"Our Doctors - Atalya A\u011f\u0131z ve Di\u015f Sa\u011fl\u0131\u011f\u0131 Poliklini\u011fi","robots":{"index":"index","follow":"follow","max-snippet":"max-snippet:-1","max-image-preview":"max-image-preview:large","max-video-preview":"max-video-preview:-1"},"canonical":"https:\/\/atalyadis.com\/en\/our-doctors\/","og_locale":"en_US","og_type":"article","og_title":"Our Doctors - Atalya A\u011f\u0131z ve Di\u015f Sa\u011fl\u0131\u011f\u0131 Poliklini\u011fi","og_description":"Ebru Balc\u0131 S\u00f6zenDt.Ebru Balc\u0131 S\u00f6zen \u00a0was\u00a0 born in 1985 Konya \/Seydi\u015fehir . She \u00a0grauduated\u00a0 years of 2004\u00a0 at Seydi\u015fehir Mahmut Anadolu High school. Years of 2004\u00a0 she beginned the undergraduate education in Sel\u00e7uk Universty\u00a0 Faculty of Dentistry and in 2009 that she graduated with high\u00a0 egree. \u0130n 2015 Dt.EbruBalc\u0131 S\u00f6zen continue her\u00a0 career life [&hellip;]","og_url":"https:\/\/atalyadis.com\/en\/our-doctors\/","og_site_name":"Atalya A\u011f\u0131z ve Di\u015f Sa\u011fl\u0131\u011f\u0131 Poliklini\u011fi","article_modified_time":"2019-04-22T08:09:26+00:00","twitter_card":"summary_large_image","twitter_misc":{"Est. reading time":"8 minutes"},"schema":{"@context":"https:\/\/schema.org","@graph":[{"@type":"WebPage","@id":"https:\/\/atalyadis.com\/en\/our-doctors\/","url":"https:\/\/atalyadis.com\/en\/our-doctors\/","name":"Our Doctors - Atalya A\u011f\u0131z ve Di\u015f Sa\u011fl\u0131\u011f\u0131 Poliklini\u011fi","isPartOf":{"@id":"https:\/\/atalyadis.com\/#website"},"datePublished":"2018-12-14T11:22:15+00:00","dateModified":"2019-04-22T08:09:26+00:00","breadcrumb":{"@id":"https:\/\/atalyadis.com\/en\/our-doctors\/#breadcrumb"},"inLanguage":"en-US","potentialAction":[{"@type":"ReadAction","target":["https:\/\/atalyadis.com\/en\/our-doctors\/"]}]},{"@type":"BreadcrumbList","@id":"https:\/\/atalyadis.com\/en\/our-doctors\/#breadcrumb","itemListElement":[{"@type":"ListItem","position":1,"name":"Ana sayfa","item":"https:\/\/atalyadis.com\/en\/"},{"@type":"ListItem","position":2,"name":"Our Doctors"}]},{"@type":"WebSite","@id":"https:\/\/atalyadis.com\/#website","url":"https:\/\/atalyadis.com\/","name":"Atalya A\u011f\u0131z ve Di\u015f Sa\u011fl\u0131\u011f\u0131 Poliklini\u011fi","description":"","publisher":{"@id":"https:\/\/atalyadis.com\/#organization"},"potentialAction":[{"@type":"SearchAction","target":{"@type":"EntryPoint","urlTemplate":"https:\/\/atalyadis.com\/?s={search_term_string}"},"query-input":{"@type":"PropertyValueSpecification","valueRequired":true,"valueName":"search_term_string"}}],"inLanguage":"en-US"},{"@type":"Organization","@id":"https:\/\/atalyadis.com\/#organization","name":"Atalyadis","url":"https:\/\/atalyadis.com\/","logo":{"@type":"ImageObject","inLanguage":"en-US","@id":"https:\/\/atalyadis.com\/#\/schema\/logo\/image\/","url":"","contentUrl":"","caption":"Atalyadis"},"image":{"@id":"https:\/\/atalyadis.com\/#\/schema\/logo\/image\/"}}]}},"_links":{"self":[{"href":"https:\/\/atalyadis.com\/en\/wp-json\/wp\/v2\/pages\/5904","targetHints":{"allow":["GET"]}}],"collection":[{"href":"https:\/\/atalyadis.com\/en\/wp-json\/wp\/v2\/pages"}],"about":[{"href":"https:\/\/atalyadis.com\/en\/wp-json\/wp\/v2\/types\/page"}],"author":[{"embeddable":true,"href":"https:\/\/atalyadis.com\/en\/wp-json\/wp\/v2\/users\/3"}],"replies":[{"embeddable":true,"href":"https:\/\/atalyadis.com\/en\/wp-json\/wp\/v2\/comments?post=5904"}],"version-history":[{"count":0,"href":"https:\/\/atalyadis.com\/en\/wp-json\/wp\/v2\/pages\/5904\/revisions"}],"wp:attachment":[{"href":"https:\/\/atalyadis.com\/en\/wp-json\/wp\/v2\/media?parent=5904"}],"curies":[{"name":"wp","href":"https:\/\/api.w.org\/{rel}","templated":true}]}}